{"id":301,"date":"2025-09-29T18:57:13","date_gmt":"2025-09-29T18:57:13","guid":{"rendered":"https:\/\/estudiossalinas.com\/politica-de-privacidad-y-datos-personales\/"},"modified":"2026-01-24T16:17:24","modified_gmt":"2026-01-24T16:17:24","slug":"politica-de-privacidad-y-datos-personales","status":"publish","type":"page","link":"https:\/\/estudiossalinas.com\/es\/politica-de-privacidad-y-datos-personales\/","title":{"rendered":"Pol\u00edtica de Privacidad"},"content":{"rendered":"<p>La confidencialidad de la informaci\u00f3n personal de nuestros clientes es fundamental y un compromiso de la empresa.<\/p>\n<p><strong>1. Recogida y tratamiento de datos del usuario<\/strong><\/p>\n<p>Existen diversas circunstancias en las que solicitamos datos personales de un usuario (\u201cUsuario\u201d) del sitio web alojado en www.estudiossalinas.com (\u201cSitio Web\u201d), es decir, informaci\u00f3n que permita la identificaci\u00f3n del Usuario y sus datos de contacto (\u201cDatos Personales\u201d): cuando realiza una reserva, cuando se registra en nuestro Sitio Web, se suscribe al bolet\u00edn informativo, se convierte en miembro de nuestros programas de fidelizaci\u00f3n, nos env\u00eda un contacto para la solicitud de una conferencia o evento para su empresa, o cuando nos env\u00eda el formulario de candidatura espont\u00e1nea o solicitada. Los Datos Personales recogidos y tratados consisten en informaci\u00f3n relativa al nombre, direcci\u00f3n de correo electr\u00f3nico, sexo, fecha de nacimiento, domicilio, n\u00famero de tel\u00e9fono, informaci\u00f3n de tarjeta de cr\u00e9dito y n\u00famero de documento de identificaci\u00f3n.<br \/>De este modo, la entidad responsable de la recogida de los Datos Personales es Algarpr\u00e9dio &#8211; Sociedade de Gest\u00e3o Imobili\u00e1ria, Lda, con domicilio en Urbaniza\u00e7\u00e3o Ria Formosa, 12, 8700-121 Fuseta y con NIF 503 310 352.<\/p>\n<p><strong>2. Utilizaci\u00f3n y finalidades del tratamiento de los datos del Usuario<\/strong><\/p>\n<p>Identificamos informaci\u00f3n t\u00e9cnica de su ordenador cuando visita las p\u00e1ginas de nuestro Sitio Web, como la IP (Internet Protocol), el sistema operativo y el tipo de navegador (\u201cInformaci\u00f3n de Usabilidad\u201d). Utilizamos esta informaci\u00f3n para mejorar la calidad de su visita a nuestro Sitio Web y no la divulgaremos a entidades externas a la empresa sin su consentimiento.<br \/>La Informaci\u00f3n de Usabilidad y los Datos Personales se designan en la presente Pol\u00edtica de Privacidad como \u201cDatos del Usuario\u201d.<\/p>\n<p><strong>3. Acceso a los Datos Personales<\/strong><\/p>\n<p>La empresa garantiza los medios que permiten el acceso del Usuario a sus Datos Personales. En caso de que desee acceder a sus Datos Personales, deber\u00e1 ponerse en contacto con la empresa en los t\u00e9rminos aqu\u00ed descritos.<\/p>\n<p><strong>4. Rectificaci\u00f3n de los Datos Personales<\/strong><\/p>\n<p>El Usuario tiene derecho a solicitar, en cualquier momento, la rectificaci\u00f3n de sus Datos Personales, ya sea a trav\u00e9s de su correspondiente Cuenta de Usuario o, en particular, en los t\u00e9rminos de la Pol\u00edtica de Privacidad.<\/p>\n<p><strong>5. Seguridad de los Datos del Usuario<\/strong><\/p>\n<p>Para garantizar la seguridad de los Datos del Usuario y la m\u00e1xima confidencialidad, tratamos la informaci\u00f3n que nos ha facilitado de forma absolutamente confidencial, de acuerdo con nuestras pol\u00edticas y procedimientos internos de seguridad y confidencialidad.<br \/>Siempre que se le solicite informaci\u00f3n de tarjeta de cr\u00e9dito, esta comunicaci\u00f3n se realizar\u00e1 a trav\u00e9s de una l\u00ednea segura SSL (Secure Sockets Layer), cuando est\u00e9 utilizando navegadores que permitan SSL, tales como Microsoft Internet Explorer o Netscape Navigator.<br \/>Asimismo, utilizaremos SSL en todas las p\u00e1ginas en las que se le solicite informaci\u00f3n personal, lo que significa que su informaci\u00f3n ser\u00e1 enviada a trav\u00e9s de Internet de forma encriptada. Podr\u00e1 comprobar que se encuentra en modo seguro cuando visualice un icono de candado o llave en la esquina inferior derecha o inferior izquierda de su pantalla. Adicionalmente, podr\u00e1 observar que los primeros caracteres de la URL del Sitio Web ser\u00e1n \u201chttps\u201d, lo que indica que est\u00e1 accediendo a un servidor seguro.<br \/>No obstante, los Datos del Usuario pueden circular por la red sin condiciones de seguridad, pudiendo ser visualizados y\/o utilizados por terceros no autorizados para tal efecto. En caso de que ello ocurra, la empresa no ser\u00e1 responsable del robo, destrucci\u00f3n o difusi\u00f3n de los Datos del Usuario.<\/p>\n<p><strong>6. Utilizaci\u00f3n de Cookies<\/strong><\/p>\n<p>Cuando visite nuestro Sitio Web, se crear\u00e1 y almacenar\u00e1 en el disco de su ordenador un peque\u00f1o archivo de texto (Cookie). Este archivo, al reconocerle, permitir\u00e1 un acceso m\u00e1s f\u00e1cil y r\u00e1pido, as\u00ed como la personalizaci\u00f3n del Sitio Web de acuerdo con sus preferencias.<br \/>La mayor\u00eda de los navegadores aceptan autom\u00e1ticamente estos archivos (Cookies), pero usted puede eliminarlos o configurar su bloqueo autom\u00e1tico. En el men\u00fa \u201cAyuda\u201d de su navegador encontrar\u00e1 c\u00f3mo realizar estas configuraciones. No obstante, si no permite el uso de cookies, es posible que algunas funcionalidades no est\u00e9n disponibles.<\/p>\n<p><strong>7. Modificaciones de la pol\u00edtica de privacidad<\/strong><\/p>\n<p>La empresa se reserva el derecho de modificar la Pol\u00edtica de Privacidad en cualquier momento. En caso de modificaci\u00f3n de la Pol\u00edtica de Privacidad, la fecha de la \u00faltima actualizaci\u00f3n, disponible en la parte superior de esta p\u00e1gina, ser\u00e1 igualmente actualizada. Si la modificaci\u00f3n es sustancial, tambi\u00e9n podr\u00e1 publicarse un aviso en el Sitio Web.<\/p>\n<p><strong>8. Contacto y derecho de exclusi\u00f3n<\/strong><\/p>\n<p>Si desea plantear preguntas o reclamaciones relacionadas con la Pol\u00edtica de Privacidad; rectificar sus Datos Personales; dejar de recibir comunicaciones comerciales, incluidos correos electr\u00f3nicos de la empresa; o retirar su consentimiento para la cesi\u00f3n de sus Datos Personales a terceros, puede hacerlo a trav\u00e9s del correo electr\u00f3nico reservas@elementourbano.com.<\/p>\n<p><strong>9. Ley y jurisdicci\u00f3n aplicables<\/strong><\/p>\n<p>La Pol\u00edtica de Privacidad, as\u00ed como la recogida, tratamiento o transmisi\u00f3n de los Datos del Usuario, se rigen por las leyes aplicables de la Rep\u00fablica Portuguesa.<br \/>Cualquier litigio derivado de la validez, interpretaci\u00f3n o ejecuci\u00f3n de la Pol\u00edtica de Privacidad, o relacionado con la recogida, tratamiento o transmisi\u00f3n de los Datos del Usuario, deber\u00e1 someterse exclusivamente a la jurisdicci\u00f3n de los tribunales judiciales del distrito de Lisboa, sin perjuicio de las normas legales imperativas aplicables.<\/p>\n<p><strong>10. Hiperenlaces<\/strong><\/p>\n<p>El portal de <strong>www.estudiossalinas.com<\/strong> permite el acceso a otras p\u00e1ginas web gestionadas y controladas por terceros a trav\u00e9s de diferentes enlaces, con el fin de facilitar a los usuarios la b\u00fasqueda de informaci\u00f3n, contenidos y servicios de Internet, sin que en ning\u00fan caso pueda considerarse una recomendaci\u00f3n o invitaci\u00f3n a visitarlos.<br \/>La creaci\u00f3n de un hiperenlace desde una p\u00e1gina web de otro portal de Internet a cualquiera de las p\u00e1ginas del portal de paraty.es deber\u00e1 cumplir las siguientes condiciones:<br \/>\n&#8211; Cualquier hiperenlace al Sitio Web se realizar\u00e1 a su p\u00e1gina principal o a las p\u00e1ginas principales de las secciones que lo componen.<br \/>\n&#8211; No se permite, en ning\u00fan caso, la reproducci\u00f3n de los servicios o contenidos del portal de la empresa.<br \/>\n&#8211; La p\u00e1gina web en la que se establezca el hiperenlace no contendr\u00e1 informaci\u00f3n o contenidos il\u00edcitos, contrarios a la moral, a las buenas costumbres o al orden p\u00fablico, ni proporcionar\u00e1 contenidos contrarios a derechos de terceros.<br \/>\n&#8211; No se incluir\u00e1 ninguna manifestaci\u00f3n falsa, inexacta o incorrecta sobre las p\u00e1ginas del portal, ni sobre los servicios o contenidos del mismo.<br \/>\n&#8211; No se establecer\u00e1n deep-links, enlaces IMG o de imagen, ni frames con las p\u00e1ginas del Sitio Web de paraty.es sin la autorizaci\u00f3n expresa previa de la empresa.<br \/>\nEl establecimiento del hiperenlace no implicar\u00e1 la existencia de relaciones entre la empresa y el titular de la p\u00e1gina web o del sitio web desde el que se realice, ni que la empresa haya autorizado el hiperenlace o supervisado, conocido, aceptado o asumido los servicios y contenidos ofrecidos en dicho sitio web.<\/p>\n","protected":false},"excerpt":{"rendered":"<p>La confidencialidad de la informaci\u00f3n personal de nuestros clientes es fundamental y un compromiso de la empresa. 1. Recogida y tratamiento de datos del usuario Existen diversas circunstancias en las que solicitamos datos personales de un usuario (\u201cUsuario\u201d) del sitio web alojado en www.estudiossalinas.com (\u201cSitio Web\u201d), es decir, informaci\u00f3n que permita la identificaci\u00f3n del Usuario [&hellip;]<\/p>\n","protected":false},"author":1,"featured_media":0,"parent":0,"menu_order":0,"comment_status":"closed","ping_status":"closed","template":"","meta":{"footnotes":""},"class_list":["post-301","page","type-page","status-publish","hentry"],"_links":{"self":[{"href":"https:\/\/estudiossalinas.com\/es\/wp-json\/wp\/v2\/pages\/301","targetHints":{"allow":["GET"]}}],"collection":[{"href":"https:\/\/estudiossalinas.com\/es\/wp-json\/wp\/v2\/pages"}],"about":[{"href":"https:\/\/estudiossalinas.com\/es\/wp-json\/wp\/v2\/types\/page"}],"author":[{"embeddable":true,"href":"https:\/\/estudiossalinas.com\/es\/wp-json\/wp\/v2\/users\/1"}],"replies":[{"embeddable":true,"href":"https:\/\/estudiossalinas.com\/es\/wp-json\/wp\/v2\/comments?post=301"}],"version-history":[{"count":4,"href":"https:\/\/estudiossalinas.com\/es\/wp-json\/wp\/v2\/pages\/301\/revisions"}],"predecessor-version":[{"id":453,"href":"https:\/\/estudiossalinas.com\/es\/wp-json\/wp\/v2\/pages\/301\/revisions\/453"}],"wp:attachment":[{"href":"https:\/\/estudiossalinas.com\/es\/wp-json\/wp\/v2\/media?parent=301"}],"curies":[{"name":"wp","href":"https:\/\/api.w.org\/{rel}","templated":true}]}}