{"id":451,"date":"2026-01-20T22:23:39","date_gmt":"2026-01-20T22:23:39","guid":{"rendered":"https:\/\/estudiossalinas.com\/politica-de-cookies\/"},"modified":"2026-01-24T16:15:16","modified_gmt":"2026-01-24T16:15:16","slug":"politica-de-cookies","status":"publish","type":"page","link":"https:\/\/estudiossalinas.com\/es\/politica-de-cookies\/","title":{"rendered":"Pol\u00edtica de Cookies"},"content":{"rendered":"\t\t<div data-elementor-type=\"wp-page\" data-elementor-id=\"451\" class=\"elementor elementor-451 elementor-411\" data-elementor-post-type=\"page\">\n\t\t\t\t\t\t<section class=\"elementor-section elementor-top-section elementor-element elementor-element-19cc598 elementor-section-height-min-height elementor-section-boxed elementor-section-height-default elementor-section-items-middle\" data-id=\"19cc598\" data-element_type=\"section\" data-settings=\"{&quot;background_background&quot;:&quot;slideshow&quot;,&quot;background_slideshow_gallery&quot;:[{&quot;id&quot;:235,&quot;url&quot;:&quot;https:\\\/\\\/estudiossalinas.com\\\/wp-content\\\/uploads\\\/2026\\\/01\\\/Estudios-Salinas-20240711-008-1.jpg&quot;}],&quot;background_slideshow_loop&quot;:&quot;yes&quot;,&quot;background_slideshow_slide_duration&quot;:5000,&quot;background_slideshow_slide_transition&quot;:&quot;fade&quot;,&quot;background_slideshow_transition_duration&quot;:500}\">\n\t\t\t\t\t\t<div class=\"elementor-container elementor-column-gap-default\">\n\t\t\t\t\t<div class=\"elementor-column elementor-col-100 elementor-top-column elementor-element elementor-element-8cf013d\" data-id=\"8cf013d\" data-element_type=\"column\">\n\t\t\t<div class=\"elementor-widget-wrap\">\n\t\t\t\t\t\t\t<\/div>\n\t\t<\/div>\n\t\t\t\t\t<\/div>\n\t\t<\/section>\n\t\t\t\t<section class=\"elementor-section elementor-top-section elementor-element elementor-element-a90b980 elementor-section-boxed elementor-section-height-default elementor-section-height-default\" data-id=\"a90b980\" data-element_type=\"section\">\n\t\t\t\t\t\t<div class=\"elementor-container elementor-column-gap-default\">\n\t\t\t\t\t<div class=\"elementor-column elementor-col-100 elementor-top-column elementor-element elementor-element-8a9a417\" data-id=\"8a9a417\" data-element_type=\"column\">\n\t\t\t<div class=\"elementor-widget-wrap elementor-element-populated\">\n\t\t\t\t\t\t<div class=\"elementor-element elementor-element-ff78af4 elementor-widget__width-initial elementor-widget elementor-widget-heading\" data-id=\"ff78af4\" data-element_type=\"widget\" data-widget_type=\"heading.default\">\n\t\t\t\t\t<h1 class=\"elementor-heading-title elementor-size-default\">Pol\u00edtica de Cookies<\/h1>\t\t\t\t<\/div>\n\t\t\t\t\t<\/div>\n\t\t<\/div>\n\t\t\t\t\t<\/div>\n\t\t<\/section>\n\t\t<div class=\"elementor-element elementor-element-f2f31ad e-flex e-con-boxed e-con e-parent\" data-id=\"f2f31ad\" data-element_type=\"container\">\n\t\t\t\t\t<div class=\"e-con-inner\">\n\t\t\t\t<div class=\"elementor-element elementor-element-8e705ab elementor-widget elementor-widget-text-editor\" data-id=\"8e705ab\" data-element_type=\"widget\" data-widget_type=\"text-editor.default\">\n\t\t\t\t\t\t\t\t\t<p><strong>Cookies de sesi\u00f3n: <\/strong>las cookies de sesi\u00f3n duran \u00fanicamente durante la visita y se eliminan cuando el usuario cierra el navegador. Su objetivo principal es identificar el tipo de dispositivo, garantizar la seguridad del sitio web o su funcionalidad b\u00e1sica. No contienen informaci\u00f3n personal que identifique a una persona.<\/p>\n<p><strong>Cookies persistentes o permanentes:<\/strong> se almacenan en el disco duro del dispositivo y el sitio web las lee cada vez que el usuario realiza una nueva visita; tienen una fecha de caducidad o expiraci\u00f3n espec\u00edfica. Permiten identificar las acciones y preferencias del usuario; analizar las visitas y ayudar a comprender c\u00f3mo los usuarios llegan al sitio web y a mejorar los servicios ofrecidos.<\/p>\n<p><strong>Cookies de funcionalidad: <\/strong>permiten recordar las decisiones tomadas por el usuario, como el inicio de sesi\u00f3n o el registro. La informaci\u00f3n contenida en estas cookies es an\u00f3nima (es decir, no contiene nombre, direcci\u00f3n u otra informaci\u00f3n personal).<\/p>\n<p><strong>Cookies de terceros: <\/strong>las cookies de terceros son cookies que se instalan en un sitio web que no es el que el usuario est\u00e1 visitando, como las utilizadas por redes sociales (como Facebook) o por complementos de contenido externo (como Google Maps).<\/p>\n<p><strong>Cookies anal\u00edticas:<\/strong> son cookies cuyo objetivo es el mantenimiento peri\u00f3dico para garantizar el mejor funcionamiento y servicio al usuario; recopilan datos sobre su actividad.<\/p>\n<p><strong>Uso de cookies por Est\u00fadios Loreto<\/strong><\/p>\n<table border=\"1\">\n<tbody>\n<tr>\n<td>Nombre<\/td>\n<td>Propias o de terceros<\/td>\n<td>Duraci\u00f3n<\/td>\n<td>Objetivo<\/td>\n<\/tr>\n<tr>\n<td>cookie_alerta<\/td>\n<td>Propias<\/td>\n<td>Duraci\u00f3n de la sesi\u00f3n actual<\/td>\n<td>Mostrar el aviso de cookies solo una vez por sesi\u00f3n<\/td>\n<\/tr>\n<tr>\n<td>popup_faldon<\/td>\n<td>Propias<\/td>\n<td>Duraci\u00f3n de la sesi\u00f3n actual<\/td>\n<td>Mostrar la oferta emergente una vez por sesi\u00f3n (solo cuando exista una oferta emergente)<\/td>\n<\/tr>\n<tr>\n<td>_utma<\/td>\n<td>Google Analytics<\/td>\n<td>2 a\u00f1os<\/td>\n<td>Utilizada para diferenciar entre usuarios y sesiones<\/td>\n<\/tr>\n<tr>\n<td>_utmb<\/td>\n<td>Google Analytics<\/td>\n<td>10 minutos desde su creaci\u00f3n o modificaci\u00f3n<\/td>\n<td>Utilizada para determinar si existe una nueva sesi\u00f3n o visita<\/td>\n<\/tr>\n<tr>\n<td>_utmc<\/td>\n<td>Google Analytics<\/td>\n<td>Al final de la sesi\u00f3n<\/td>\n<td>Utilizada para facilitar la funcionalidad con la biblioteca urchin.js.<\/td>\n<\/tr>\n<tr>\n<td>_utmz<\/td>\n<td>Google Analytics<\/td>\n<td>6 meses<\/td>\n<td>Guarda el origen del tr\u00e1fico o la campa\u00f1a que explica c\u00f3mo el usuario llega al sitio web<\/td>\n<\/tr>\n<tr>\n<td>_utmt<\/td>\n<td>Google Analytics<\/td>\n<td>Al final de la sesi\u00f3n<\/td>\n<td>Utilizada para definir el tipo de solicitud del usuario y establecer estad\u00edsticas de uso de las p\u00e1ginas<\/td>\n<\/tr>\n<tr>\n<td>DoubleClick<\/td>\n<td>Google Ads<\/td>\n<td>Al final de la sesi\u00f3n<\/td>\n<td>Segmentar el contenido para que sea relevante para los usuarios<\/td>\n<\/tr>\n<\/tbody>\n<\/table>\n<table border=\"1\">\n<tbody>\n<tr>\n<td>Nombre<\/td>\n<td>Informaci\u00f3n tratada<\/td>\n<td>Prop\u00f3sito<\/td>\n<\/tr>\n<tr>\n<td>Estrictamente necesario<\/td>\n<td>Sesi\u00f3n de usuario, datos de registro, reservas<\/td>\n<td>Gesti\u00f3n del registro y mantenimiento de la sesi\u00f3n del usuario, personalizaci\u00f3n de la navegaci\u00f3n, balanceo de carga<\/td>\n<\/tr>\n<tr>\n<td>Google Analytics<\/td>\n<td>Sitios web visitados, frecuencia, n\u00famero y repetici\u00f3n de visitas, tiempo de navegaci\u00f3n, b\u00fasquedas realizadas, enlaces accedidos, navegador utilizado, operador que proporciona el servicio, ubicaci\u00f3n vinculada a la direcci\u00f3n IP<\/td>\n<td>Medir y analizar la navegaci\u00f3n del usuario, monitorizar y analizar el comportamiento de los usuarios, crear perfiles de navegaci\u00f3n de usuario an\u00f3nimo e implementar mejoras basadas en el an\u00e1lisis de los datos de uso<\/td>\n<\/tr>\n<tr>\n<td>Google Ads<\/td>\n<td>Direcci\u00f3n IP, b\u00fasquedas realizadas, enlaces accedidos y anuncios clicados<\/td>\n<td>Mostrar los productos que mejor se ajusten a las necesidades del usuario, segmentar el p\u00fablico objetivo, medir resultados, presupuestos flexibles y detecci\u00f3n de nuevos mercados<\/td>\n<\/tr>\n<\/tbody>\n<\/table>\n<p>Al acceder al sitio web, el usuario acepta expresamente el uso de este tipo de cookies en sus dispositivos. No obstante, si se desactivan las cookies, esta acci\u00f3n no afectar\u00e1 a la navegaci\u00f3n en nuestros sitios web.<\/p>\n<p><strong>Configuraciones del usuario para evitar cookies<\/strong><\/p>\n<p>Al navegar y continuar en nuestro sitio web, usted consiente el uso de cookies en el sitio web, as\u00ed como las condiciones contenidas en esta \u00abPol\u00edtica de Cookies\u00bb. Est\u00fadios Loreto proporciona acceso a esta \u00abPol\u00edtica de Cookies\u00bb en el momento del primer acceso, con el objetivo de informar al usuario, sin perjuicio de que este pueda ejercer su derecho a bloquear, eliminar y rechazar el uso de cookies en cualquier momento.<\/p>\n<p>En cualquier caso, le informamos de que las cookies que no son necesarias para el uso de nuestro sitio web pueden bloquearse o desactivarse activando la configuraci\u00f3n de su navegador que le permita rechazar la instalaci\u00f3n de todas las cookies o de algunas de ellas. La mayor\u00eda de los navegadores permiten advertir sobre la presencia de cookies o rechazarlas autom\u00e1ticamente. Si el usuario las rechaza, puede seguir utilizando el sitio web, aunque el uso de algunos de sus servicios pueda verse limitado y, por lo tanto, la experiencia en el sitio web sea menos satisfactoria.<\/p>\n<p>La informaci\u00f3n sobre c\u00f3mo configurar su navegador o navegadores de Internet para mantener su privacidad y seguridad con respecto a las cookies puede consultarse en los sitios web oficiales de soporte de los principales navegadores. Con este soporte, el usuario puede bloquear las cookies mediante las herramientas de configuraci\u00f3n del navegador o configurarlo para que le notifique cuando un servidor quiera guardar una cookie.<\/p>\n<p><strong>Informaci\u00f3n de contacto<\/strong><\/p>\n<p>Cualquier duda o preocupaci\u00f3n sobre esta pol\u00edtica de uso de cookies puede enviarse por escrito a la siguiente direcci\u00f3n de correo electr\u00f3nico: reservas@elementourbano.com<\/p>\n\t\t\t\t\t\t\t\t<\/div>\n\t\t\t\t\t<\/div>\n\t\t\t\t<\/div>\n\t\t\t\t<\/div>\n\t\t","protected":false},"excerpt":{"rendered":"<p>Cookies de sesi\u00f3n: las cookies de sesi\u00f3n duran \u00fanicamente durante la visita y se eliminan cuando el usuario cierra el navegador. Su objetivo principal es identificar el tipo de dispositivo, garantizar la seguridad del sitio web o su funcionalidad b\u00e1sica. No contienen informaci\u00f3n personal que identifique a una persona. Cookies persistentes o permanentes: se almacenan [&hellip;]<\/p>\n","protected":false},"author":1,"featured_media":0,"parent":0,"menu_order":0,"comment_status":"closed","ping_status":"closed","template":"","meta":{"footnotes":""},"class_list":["post-451","page","type-page","status-publish","hentry"],"_links":{"self":[{"href":"https:\/\/estudiossalinas.com\/es\/wp-json\/wp\/v2\/pages\/451","targetHints":{"allow":["GET"]}}],"collection":[{"href":"https:\/\/estudiossalinas.com\/es\/wp-json\/wp\/v2\/pages"}],"about":[{"href":"https:\/\/estudiossalinas.com\/es\/wp-json\/wp\/v2\/types\/page"}],"author":[{"embeddable":true,"href":"https:\/\/estudiossalinas.com\/es\/wp-json\/wp\/v2\/users\/1"}],"replies":[{"embeddable":true,"href":"https:\/\/estudiossalinas.com\/es\/wp-json\/wp\/v2\/comments?post=451"}],"version-history":[{"count":1,"href":"https:\/\/estudiossalinas.com\/es\/wp-json\/wp\/v2\/pages\/451\/revisions"}],"predecessor-version":[{"id":452,"href":"https:\/\/estudiossalinas.com\/es\/wp-json\/wp\/v2\/pages\/451\/revisions\/452"}],"wp:attachment":[{"href":"https:\/\/estudiossalinas.com\/es\/wp-json\/wp\/v2\/media?parent=451"}],"curies":[{"name":"wp","href":"https:\/\/api.w.org\/{rel}","templated":true}]}}