{"id":297,"date":"2025-09-29T18:57:13","date_gmt":"2025-09-29T18:57:13","guid":{"rendered":"https:\/\/estudiossalinas.com\/politique-de-confidentialite-et-donnees-personnelles\/"},"modified":"2026-01-20T23:05:49","modified_gmt":"2026-01-20T23:05:49","slug":"politique-de-confidentialite-et-donnees-personnelles","status":"publish","type":"page","link":"https:\/\/estudiossalinas.com\/fr\/politique-de-confidentialite-et-donnees-personnelles\/","title":{"rendered":"Politique de confidentialit\u00e9"},"content":{"rendered":"<p data-start=\"33\" data-end=\"157\">La confidentialit\u00e9 des informations personnelles de nos clients est fondamentale et constitue un engagement de l\u2019entreprise.<\/p>\n<p data-start=\"159\" data-end=\"217\"><strong data-start=\"159\" data-end=\"217\">1. Collecte et traitement des donn\u00e9es de l\u2019utilisateur<\/strong><\/p>\n<p data-start=\"219\" data-end=\"1350\">Dans diverses circonstances, nous sollicitons des donn\u00e9es personnelles d\u2019un utilisateur (\u00ab Utilisateur \u00bb) du site internet h\u00e9berg\u00e9 sur <a class=\"decorated-link\" href=\"http:\/\/www.estudiossalinas.com\" target=\"_new\" rel=\"noopener\" data-start=\"354\" data-end=\"377\">www.estudiossalinas.com<\/a> (\u00ab Site Internet \u00bb), c\u2019est-\u00e0-dire des informations permettant l\u2019identification de l\u2019Utilisateur et ses coordonn\u00e9es (\u00ab Donn\u00e9es Personnelles \u00bb) : lors d\u2019une r\u00e9servation, lors de l\u2019inscription sur notre Site Internet, de l\u2019abonnement \u00e0 la newsletter, de l\u2019adh\u00e9sion \u00e0 nos programmes de fid\u00e9lit\u00e9, lorsque vous nous contactez pour solliciter une conf\u00e9rence ou un \u00e9v\u00e9nement pour votre entreprise, ou lorsque vous nous envoyez un formulaire de candidature spontan\u00e9e ou sur demande.<br data-start=\"851\" data-end=\"854\" \/>Les Donn\u00e9es Personnelles collect\u00e9es et trait\u00e9es comprennent notamment le nom, l\u2019adresse e-mail, le sexe, la date de naissance, l\u2019adresse postale, le num\u00e9ro de t\u00e9l\u00e9phone, les informations de carte de cr\u00e9dit et le num\u00e9ro du document d\u2019identification.<br data-start=\"1102\" data-end=\"1105\" \/>Ainsi, l\u2019entit\u00e9 responsable de la collecte des Donn\u00e9es Personnelles est <strong data-start=\"1177\" data-end=\"1231\">Algarpr\u00e9dio &#8211; Sociedade de Gest\u00e3o Imobili\u00e1ria, Lda<\/strong>, dont le si\u00e8ge social est situ\u00e9 Urbaniza\u00e7\u00e3o Ria Formosa, 12, 8700-121 Fuseta, et immatricul\u00e9e sous le NIF 503 310 352.<\/p>\n<p data-start=\"1352\" data-end=\"1426\"><strong data-start=\"1352\" data-end=\"1426\">2. Utilisation et finalit\u00e9s du traitement des donn\u00e9es de l\u2019Utilisateur<\/strong><\/p>\n<p data-start=\"1428\" data-end=\"2036\">Nous identifions des informations techniques concernant votre ordinateur lorsque vous visitez les pages de notre Site Internet, telles que l\u2019adresse IP (Internet Protocol), le syst\u00e8me d\u2019exploitation et le type de navigateur (\u00ab Informations d\u2019Utilisation \u00bb).<br data-start=\"1685\" data-end=\"1688\" \/>Ces informations sont utilis\u00e9es afin d\u2019am\u00e9liorer la qualit\u00e9 de votre visite sur notre Site Internet et ne seront pas divulgu\u00e9es \u00e0 des entit\u00e9s externes \u00e0 l\u2019entreprise sans votre consentement.<br data-start=\"1878\" data-end=\"1881\" \/>Les Informations d\u2019Utilisation et les Donn\u00e9es Personnelles sont d\u00e9sign\u00e9es dans la pr\u00e9sente Politique de Confidentialit\u00e9 comme \u00ab Donn\u00e9es de l\u2019Utilisateur \u00bb.<\/p>\n<p data-start=\"2038\" data-end=\"2075\"><strong data-start=\"2038\" data-end=\"2075\">3. Acc\u00e8s aux Donn\u00e9es Personnelles<\/strong><\/p>\n<p data-start=\"2077\" data-end=\"2310\">L\u2019entreprise garantit les moyens permettant \u00e0 l\u2019Utilisateur d\u2019acc\u00e9der \u00e0 ses Donn\u00e9es Personnelles.<br data-start=\"2174\" data-end=\"2177\" \/>Si vous souhaitez acc\u00e9der \u00e0 vos Donn\u00e9es Personnelles, vous devez contacter l\u2019entreprise conform\u00e9ment aux modalit\u00e9s d\u00e9crites ci-apr\u00e8s.<\/p>\n<p data-start=\"2312\" data-end=\"2357\"><strong data-start=\"2312\" data-end=\"2357\">4. Rectification des Donn\u00e9es Personnelles<\/strong><\/p>\n<p data-start=\"2359\" data-end=\"2580\">L\u2019Utilisateur a le droit de demander, \u00e0 tout moment, la rectification de ses Donn\u00e9es Personnelles, soit via son Compte Utilisateur, soit notamment conform\u00e9ment aux dispositions de la pr\u00e9sente Politique de Confidentialit\u00e9.<\/p>\n<p data-start=\"2582\" data-end=\"2626\"><strong data-start=\"2582\" data-end=\"2626\">5. S\u00e9curit\u00e9 des Donn\u00e9es de l\u2019Utilisateur<\/strong><\/p>\n<p data-start=\"2628\" data-end=\"3996\">Afin de garantir la s\u00e9curit\u00e9 des Donn\u00e9es de l\u2019Utilisateur et une confidentialit\u00e9 maximale, nous traitons les informations que vous nous fournissez de mani\u00e8re strictement confidentielle, conform\u00e9ment \u00e0 nos politiques et proc\u00e9dures internes de s\u00e9curit\u00e9 et de confidentialit\u00e9.<br data-start=\"2901\" data-end=\"2904\" \/>Lorsque des informations de carte de cr\u00e9dit vous sont demand\u00e9es, cette communication est effectu\u00e9e via une connexion s\u00e9curis\u00e9e SSL (Secure Sockets Layer), lorsque vous utilisez des navigateurs compatibles avec le protocole SSL, tels que Microsoft Internet Explorer ou Netscape Navigator.<br data-start=\"3191\" data-end=\"3194\" \/>Nous utilisons \u00e9galement le protocole SSL sur toutes les pages o\u00f9 des informations personnelles vous sont demand\u00e9es, ce qui signifie que vos informations sont transmises sur Internet de mani\u00e8re crypt\u00e9e. Vous pouvez v\u00e9rifier que vous \u00eates en mode s\u00e9curis\u00e9 en observant l\u2019ic\u00f4ne de cadenas ou de cl\u00e9 dans le coin inf\u00e9rieur droit ou gauche de votre \u00e9cran. De plus, les premiers caract\u00e8res de l\u2019URL du Site Internet seront \u00ab https \u00bb, indiquant l\u2019acc\u00e8s \u00e0 un serveur s\u00e9curis\u00e9.<br data-start=\"3663\" data-end=\"3666\" \/>Toutefois, les Donn\u00e9es de l\u2019Utilisateur peuvent circuler sur le r\u00e9seau sans conditions de s\u00e9curit\u00e9 et peuvent \u00eatre visualis\u00e9es et\/ou utilis\u00e9es par des tiers non autoris\u00e9s. Si une telle situation se produisait, l\u2019entreprise ne pourra \u00eatre tenue responsable du vol, de la destruction ou de la diffusion des Donn\u00e9es de l\u2019Utilisateur.<\/p>\n<p data-start=\"3998\" data-end=\"4028\"><strong data-start=\"3998\" data-end=\"4028\">6. Utilisation des Cookies<\/strong><\/p>\n<p data-start=\"4030\" data-end=\"4708\">Lors de votre visite sur notre Site Internet, un petit fichier texte (Cookie) est cr\u00e9\u00e9 et enregistr\u00e9 sur le disque dur de votre ordinateur. Ce fichier, en vous reconnaissant, permet un acc\u00e8s plus rapide et plus simple, ainsi que la personnalisation du Site Internet selon vos pr\u00e9f\u00e9rences.<br data-start=\"4318\" data-end=\"4321\" \/>La plupart des navigateurs acceptent automatiquement ces fichiers (Cookies), mais vous pouvez les supprimer ou configurer leur blocage automatique. Dans le menu \u00ab Aide \u00bb de votre navigateur, vous trouverez les instructions n\u00e9cessaires pour effectuer ces r\u00e9glages. Toutefois, si vous n\u2019autorisez pas l\u2019utilisation des cookies, certaines fonctionnalit\u00e9s pourraient ne pas \u00eatre disponibles.<\/p>\n<p data-start=\"4710\" data-end=\"4765\"><strong data-start=\"4710\" data-end=\"4765\">7. Modifications de la politique de confidentialit\u00e9<\/strong><\/p>\n<p data-start=\"4767\" data-end=\"5075\">L\u2019entreprise se r\u00e9serve le droit de modifier la Politique de Confidentialit\u00e9 \u00e0 tout moment. En cas de modification, la date de la derni\u00e8re mise \u00e0 jour, indiqu\u00e9e en haut de cette page, sera \u00e9galement actualis\u00e9e. Si la modification est substantielle, un avis pourra \u00e9galement \u00eatre affich\u00e9 sur le Site Internet.<\/p>\n<p data-start=\"5077\" data-end=\"5111\"><strong data-start=\"5077\" data-end=\"5111\">8. Contact et droit de retrait<\/strong><\/p>\n<p data-start=\"5113\" data-end=\"5516\">Si vous souhaitez poser des questions ou d\u00e9poser des r\u00e9clamations relatives \u00e0 la Politique de Confidentialit\u00e9 ; rectifier vos Donn\u00e9es Personnelles ; cesser de recevoir des communications commerciales, y compris des e-mails de l\u2019entreprise ; ou retirer votre consentement au partage de vos Donn\u00e9es Personnelles avec des tiers, vous pouvez le faire en envoyant un e-mail \u00e0 <strong data-start=\"5484\" data-end=\"5515\"><a class=\"decorated-link cursor-pointer\" rel=\"noopener\" data-start=\"5486\" data-end=\"5513\">reservas@elementourbano.com<\/a><\/strong>.<\/p>\n<p data-start=\"5518\" data-end=\"5565\"><strong data-start=\"5518\" data-end=\"5565\">9. Loi applicable et juridiction comp\u00e9tente<\/strong><\/p>\n<p data-start=\"5567\" data-end=\"6120\">La Politique de Confidentialit\u00e9, ainsi que la collecte, le traitement ou la transmission des Donn\u00e9es de l\u2019Utilisateur, sont r\u00e9gis par les lois applicables de la R\u00e9publique portugaise.<br data-start=\"5750\" data-end=\"5753\" \/>Tout litige d\u00e9coulant de la validit\u00e9, de l\u2019interpr\u00e9tation ou de l\u2019ex\u00e9cution de la Politique de Confidentialit\u00e9, ou li\u00e9 \u00e0 la collecte, au traitement ou \u00e0 la transmission des Donn\u00e9es de l\u2019Utilisateur, sera soumis exclusivement \u00e0 la juridiction des tribunaux judiciaires de la circonscription de Lisbonne, sans pr\u00e9judice des dispositions l\u00e9gales imp\u00e9ratives applicables.<\/p>\n<p data-start=\"6122\" data-end=\"6147\"><strong data-start=\"6122\" data-end=\"6147\">10. Liens hypertextes<\/strong><\/p>\n<p data-start=\"6149\" data-end=\"6682\">Le portail <a class=\"decorated-link\" href=\"http:\/\/www.estudiossalinas.com\" target=\"_new\" rel=\"noopener\" data-start=\"6160\" data-end=\"6183\">www.estudiossalinas.com<\/a> permet l\u2019acc\u00e8s \u00e0 d\u2019autres pages web g\u00e9r\u00e9es et contr\u00f4l\u00e9es par des tiers au moyen de diff\u00e9rents liens, afin de faciliter la recherche d\u2019informations, de contenus et de services Internet pour les utilisateurs, sans que cela puisse en aucun cas \u00eatre consid\u00e9r\u00e9 comme une recommandation ou une invitation \u00e0 les visiter.<br data-start=\"6497\" data-end=\"6500\" \/>La cr\u00e9ation d\u2019un lien hypertexte depuis une page web d\u2019un autre portail Internet vers l\u2019une quelconque des pages du portail <strong data-start=\"6624\" data-end=\"6637\">paraty.es<\/strong> devra respecter les conditions suivantes :<\/p>\n<ul data-start=\"6683\" data-end=\"7809\" data-is-last-node=\"\" data-is-only-node=\"\">\n<li data-start=\"6683\" data-end=\"6827\">\n<p data-start=\"6685\" data-end=\"6827\">Tout lien hypertexte vers le Site Internet devra \u00eatre effectu\u00e9 vers la page d\u2019accueil ou vers les pages principales des sections concern\u00e9es.<\/p>\n<\/li>\n<li data-start=\"6828\" data-end=\"6953\">\n<p data-start=\"6830\" data-end=\"6953\">La reproduction, sous quelque forme que ce soit, des services ou contenus du portail de l\u2019entreprise n\u2019est pas autoris\u00e9e.<\/p>\n<\/li>\n<li data-start=\"6954\" data-end=\"7177\">\n<p data-start=\"6956\" data-end=\"7177\">La page web \u00e9tablissant le lien ne devra pas contenir d\u2019informations ou de contenus illicites, contraires \u00e0 la morale, aux bonnes m\u0153urs ou \u00e0 l\u2019ordre public, ni proposer des contenus portant atteinte aux droits de tiers.<\/p>\n<\/li>\n<li data-start=\"7178\" data-end=\"7312\">\n<p data-start=\"7180\" data-end=\"7312\">Aucune d\u00e9claration fausse, inexacte ou incorrecte ne devra \u00eatre faite concernant les pages du portail ni ses services ou contenus.<\/p>\n<\/li>\n<li data-start=\"7313\" data-end=\"7809\" data-is-last-node=\"\">\n<p data-start=\"7315\" data-end=\"7809\" data-is-last-node=\"\">Aucun deep-link, lien IMG ou lien d\u2019image, ni aucun frame vers les pages du Site Internet de <strong data-start=\"7408\" data-end=\"7421\">paraty.es<\/strong> ne pourra \u00eatre \u00e9tabli sans l\u2019autorisation expresse pr\u00e9alable de l\u2019entreprise.<br data-start=\"7499\" data-end=\"7502\" \/>L\u2019\u00e9tablissement d\u2019un lien hypertexte n\u2019implique en aucun cas l\u2019existence d\u2019une relation entre l\u2019entreprise et le propri\u00e9taire du site web ou de la page \u00e0 partir de laquelle le lien est cr\u00e9\u00e9, ni que l\u2019entreprise ait autoris\u00e9, supervis\u00e9, connu, accept\u00e9 ou assum\u00e9 les services et contenus propos\u00e9s sur ce site.<\/p>\n<\/li>\n<\/ul>\n","protected":false},"excerpt":{"rendered":"<p>La confidentialit\u00e9 des informations personnelles de nos clients est fondamentale et constitue un engagement de l\u2019entreprise. 1. Collecte et traitement des donn\u00e9es de l\u2019utilisateur Dans diverses circonstances, nous sollicitons des donn\u00e9es personnelles d\u2019un utilisateur (\u00ab Utilisateur \u00bb) du site internet h\u00e9berg\u00e9 sur www.estudiossalinas.com (\u00ab Site Internet \u00bb), c\u2019est-\u00e0-dire des informations permettant l\u2019identification de l\u2019Utilisateur et [&hellip;]<\/p>\n","protected":false},"author":1,"featured_media":0,"parent":0,"menu_order":0,"comment_status":"closed","ping_status":"closed","template":"","meta":{"footnotes":""},"class_list":["post-297","page","type-page","status-publish","hentry"],"_links":{"self":[{"href":"https:\/\/estudiossalinas.com\/fr\/wp-json\/wp\/v2\/pages\/297","targetHints":{"allow":["GET"]}}],"collection":[{"href":"https:\/\/estudiossalinas.com\/fr\/wp-json\/wp\/v2\/pages"}],"about":[{"href":"https:\/\/estudiossalinas.com\/fr\/wp-json\/wp\/v2\/types\/page"}],"author":[{"embeddable":true,"href":"https:\/\/estudiossalinas.com\/fr\/wp-json\/wp\/v2\/users\/1"}],"replies":[{"embeddable":true,"href":"https:\/\/estudiossalinas.com\/fr\/wp-json\/wp\/v2\/comments?post=297"}],"version-history":[{"count":8,"href":"https:\/\/estudiossalinas.com\/fr\/wp-json\/wp\/v2\/pages\/297\/revisions"}],"predecessor-version":[{"id":445,"href":"https:\/\/estudiossalinas.com\/fr\/wp-json\/wp\/v2\/pages\/297\/revisions\/445"}],"wp:attachment":[{"href":"https:\/\/estudiossalinas.com\/fr\/wp-json\/wp\/v2\/media?parent=297"}],"curies":[{"name":"wp","href":"https:\/\/api.w.org\/{rel}","templated":true}]}}