{"id":449,"date":"2026-01-20T22:23:39","date_gmt":"2026-01-20T22:23:39","guid":{"rendered":"https:\/\/estudiossalinas.com\/politique-de-cookies\/"},"modified":"2026-01-24T16:13:27","modified_gmt":"2026-01-24T16:13:27","slug":"politique-de-cookies","status":"publish","type":"page","link":"https:\/\/estudiossalinas.com\/fr\/politique-de-cookies\/","title":{"rendered":"Politique de Cookies"},"content":{"rendered":"\t\t<div data-elementor-type=\"wp-page\" data-elementor-id=\"449\" class=\"elementor elementor-449 elementor-411\" data-elementor-post-type=\"page\">\n\t\t\t\t\t\t<section class=\"elementor-section elementor-top-section elementor-element elementor-element-19cc598 elementor-section-height-min-height elementor-section-boxed elementor-section-height-default elementor-section-items-middle\" data-id=\"19cc598\" data-element_type=\"section\" data-settings=\"{&quot;background_background&quot;:&quot;slideshow&quot;,&quot;background_slideshow_gallery&quot;:[{&quot;id&quot;:242,&quot;url&quot;:&quot;https:\\\/\\\/estudiossalinas.com\\\/wp-content\\\/uploads\\\/2026\\\/01\\\/Estudios-Salinas-20240711-008-1.jpg&quot;}],&quot;background_slideshow_loop&quot;:&quot;yes&quot;,&quot;background_slideshow_slide_duration&quot;:5000,&quot;background_slideshow_slide_transition&quot;:&quot;fade&quot;,&quot;background_slideshow_transition_duration&quot;:500}\">\n\t\t\t\t\t\t<div class=\"elementor-container elementor-column-gap-default\">\n\t\t\t\t\t<div class=\"elementor-column elementor-col-100 elementor-top-column elementor-element elementor-element-8cf013d\" data-id=\"8cf013d\" data-element_type=\"column\">\n\t\t\t<div class=\"elementor-widget-wrap\">\n\t\t\t\t\t\t\t<\/div>\n\t\t<\/div>\n\t\t\t\t\t<\/div>\n\t\t<\/section>\n\t\t\t\t<section class=\"elementor-section elementor-top-section elementor-element elementor-element-a90b980 elementor-section-boxed elementor-section-height-default elementor-section-height-default\" data-id=\"a90b980\" data-element_type=\"section\">\n\t\t\t\t\t\t<div class=\"elementor-container elementor-column-gap-default\">\n\t\t\t\t\t<div class=\"elementor-column elementor-col-100 elementor-top-column elementor-element elementor-element-8a9a417\" data-id=\"8a9a417\" data-element_type=\"column\">\n\t\t\t<div class=\"elementor-widget-wrap elementor-element-populated\">\n\t\t\t\t\t\t<div class=\"elementor-element elementor-element-ff78af4 elementor-widget__width-initial elementor-widget elementor-widget-heading\" data-id=\"ff78af4\" data-element_type=\"widget\" data-widget_type=\"heading.default\">\n\t\t\t\t\t<h1 class=\"elementor-heading-title elementor-size-default\">Politique de Cookies<\/h1>\t\t\t\t<\/div>\n\t\t\t\t\t<\/div>\n\t\t<\/div>\n\t\t\t\t\t<\/div>\n\t\t<\/section>\n\t\t<div class=\"elementor-element elementor-element-f2f31ad e-flex e-con-boxed e-con e-parent\" data-id=\"f2f31ad\" data-element_type=\"container\">\n\t\t\t\t\t<div class=\"e-con-inner\">\n\t\t\t\t<div class=\"elementor-element elementor-element-8e705ab elementor-widget elementor-widget-text-editor\" data-id=\"8e705ab\" data-element_type=\"widget\" data-widget_type=\"text-editor.default\">\n\t\t\t\t\t\t\t\t\t<p><strong>Cookies de session : <\/strong>les cookies de session ne durent que le temps de la visite et sont supprim\u00e9s lorsque l\u2019utilisateur ferme le navigateur. Leur objectif principal est d\u2019identifier le type d\u2019appareil, d\u2019assurer la s\u00e9curit\u00e9 du site web ou son fonctionnement de base. Ils ne contiennent pas d\u2019informations personnelles permettant d\u2019identifier une personne.<\/p>\n<p><strong>Cookies persistants ou permanents :<\/strong> ils sont stock\u00e9s sur le disque dur de l\u2019appareil et sont lus par le site web \u00e0 chaque nouvelle visite de l\u2019utilisateur ; ils ont une date d\u2019expiration sp\u00e9cifique. Ils permettent d\u2019identifier les actions et pr\u00e9f\u00e9rences de l\u2019utilisateur, d\u2019analyser les visites et d\u2019aider \u00e0 comprendre comment les utilisateurs arrivent sur le site web et \u00e0 am\u00e9liorer les services propos\u00e9s.<\/p>\n<p><strong>Cookies de fonctionnalit\u00e9 : <\/strong>ils permettent de m\u00e9moriser les d\u00e9cisions prises par l\u2019utilisateur, telles que la connexion ou l\u2019inscription. Les informations contenues dans ces cookies sont anonymes (c\u2019est-\u00e0-dire qu\u2019elles ne contiennent ni nom, ni adresse, ni autres informations personnelles).<\/p>\n<p><strong>Cookies tiers : <\/strong>les cookies tiers sont des cookies install\u00e9s sur un site web autre que celui que l\u2019utilisateur visite, tels que ceux utilis\u00e9s par les r\u00e9seaux sociaux (comme Facebook) ou par des modules de contenu externes (comme Google Maps).<\/p>\n<p><strong>Cookies analytiques :<\/strong> ce sont des cookies dont l\u2019objectif est la maintenance p\u00e9riodique afin de garantir le meilleur fonctionnement et service \u00e0 l\u2019utilisateur ; ils collectent des donn\u00e9es sur son activit\u00e9.<\/p>\n<p><strong>Utilisation des cookies par les Est\u00fadios Loreto<\/strong><\/p>\n<table border=\"1\">\n<tbody>\n<tr>\n<td>Nom<\/td>\n<td>Propres ou tiers<\/td>\n<td>Dur\u00e9e<\/td>\n<td>Objectif<\/td>\n<\/tr>\n<tr>\n<td>cookie_alerta<\/td>\n<td>Propres<\/td>\n<td>Dur\u00e9e de la session en cours<\/td>\n<td>Afficher l\u2019avertissement relatif aux cookies une seule fois par session<\/td>\n<\/tr>\n<tr>\n<td>popup_faldon<\/td>\n<td>Propres<\/td>\n<td>Dur\u00e9e de la session en cours<\/td>\n<td>Afficher l\u2019offre pop-up une seule fois par session (uniquement lorsqu\u2019une offre promotionnelle est active)<\/td>\n<\/tr>\n<tr>\n<td>_utma<\/td>\n<td>Google Analytics<\/td>\n<td>2 ans<\/td>\n<td>Utilis\u00e9 pour diff\u00e9rencier les utilisateurs et les sessions<\/td>\n<\/tr>\n<tr>\n<td>_utmb<\/td>\n<td>Google Analytics<\/td>\n<td>10 minutes \u00e0 partir de la cr\u00e9ation ou de la modification<\/td>\n<td>Utilis\u00e9 pour d\u00e9terminer s\u2019il s\u2019agit d\u2019une nouvelle session ou d\u2019une nouvelle visite<\/td>\n<\/tr>\n<tr>\n<td>_utmc<\/td>\n<td>Google Analytics<\/td>\n<td>\u00c0 la fin de la session<\/td>\n<td>Utilis\u00e9 pour faciliter la fonctionnalit\u00e9 avec la biblioth\u00e8que urchin.js.<\/td>\n<\/tr>\n<tr>\n<td>_utmz<\/td>\n<td>Google Analytics<\/td>\n<td>6 mois<\/td>\n<td>Enregistre la source de trafic ou la campagne expliquant comment l\u2019utilisateur arrive sur le site web<\/td>\n<\/tr>\n<tr>\n<td>_utmt<\/td>\n<td>Google Analytics<\/td>\n<td>\u00c0 la fin de la session<\/td>\n<td>Utilis\u00e9 pour d\u00e9finir le type de demande de l\u2019utilisateur et \u00e9tablir des statistiques d\u2019utilisation des pages<\/td>\n<\/tr>\n<tr>\n<td>DoubleClick<\/td>\n<td>Google Ads<\/td>\n<td>\u00c0 la fin de la session<\/td>\n<td>Cibler le contenu afin qu\u2019il soit pertinent pour les utilisateurs<\/td>\n<\/tr>\n<\/tbody>\n<\/table>\n<table border=\"1\">\n<tbody>\n<tr>\n<td>Nom<\/td>\n<td>Informations trait\u00e9es<\/td>\n<td>Objectif<\/td>\n<\/tr>\n<tr>\n<td>Strictement n\u00e9cessaire<\/td>\n<td>Session utilisateur, donn\u00e9es d\u2019inscription, r\u00e9servations<\/td>\n<td>Gestion de l\u2019inscription et maintien de la session utilisateur, personnalisation de la navigation, \u00e9quilibrage de charge<\/td>\n<\/tr>\n<tr>\n<td>Google Analytics<\/td>\n<td>Sites web visit\u00e9s, fr\u00e9quence, nombre et r\u00e9p\u00e9tition des visites, temps de navigation, recherches effectu\u00e9es, liens consult\u00e9s, navigateur utilis\u00e9, op\u00e9rateur fournissant le service, localisation li\u00e9e \u00e0 l\u2019adresse IP<\/td>\n<td>Mesurer et analyser la navigation de l\u2019utilisateur, surveiller et analyser le comportement des utilisateurs, cr\u00e9er des profils de navigation anonymes et mettre en \u0153uvre des am\u00e9liorations bas\u00e9es sur l\u2019analyse des donn\u00e9es d\u2019utilisation<\/td>\n<\/tr>\n<tr>\n<td>Google Ads<\/td>\n<td>Adresse IP, recherches effectu\u00e9es, liens consult\u00e9s et annonces cliqu\u00e9es<\/td>\n<td>Afficher les produits r\u00e9pondant le mieux aux besoins de l\u2019utilisateur, cibler les audiences, mesurer les r\u00e9sultats, budgets flexibles et d\u00e9tection de nouveaux march\u00e9s<\/td>\n<\/tr>\n<\/tbody>\n<\/table>\n<p>En acc\u00e9dant au site web, l\u2019utilisateur accepte express\u00e9ment l\u2019utilisation de ces types de cookies sur ses appareils. Toutefois, si les cookies sont d\u00e9sactiv\u00e9s, cette action n\u2019affectera pas la navigation sur nos sites web.<\/p>\n<p><strong>Param\u00e8tres de l\u2019utilisateur pour \u00e9viter les cookies<\/strong><\/p>\n<p>En naviguant et en continuant sur notre site web, vous consentez \u00e0 l\u2019utilisation de cookies sur le site web, ainsi qu\u2019aux conditions contenues dans la pr\u00e9sente \u00ab Politique de Cookies \u00bb. Est\u00fadios Loreto donne acc\u00e8s \u00e0 cette \u00ab Politique de Cookies \u00bb lors de la premi\u00e8re visite, afin d\u2019informer l\u2019utilisateur, sans pr\u00e9judice de son droit de bloquer, supprimer ou refuser l\u2019utilisation de cookies \u00e0 tout moment.<\/p>\n<p>Dans tous les cas, nous vous informons que les cookies qui ne sont pas n\u00e9cessaires \u00e0 l\u2019utilisation de notre site web peuvent \u00eatre bloqu\u00e9s ou d\u00e9sactiv\u00e9s en activant les param\u00e8tres de votre navigateur vous permettant de refuser l\u2019installation de tous les cookies ou de certains d\u2019entre eux. La plupart des navigateurs permettent d\u2019avertir de la pr\u00e9sence de cookies ou de les rejeter automatiquement. Si l\u2019utilisateur les refuse, il peut continuer \u00e0 utiliser le site web, bien que l\u2019utilisation de certains services puisse \u00eatre limit\u00e9e et, par cons\u00e9quent, l\u2019exp\u00e9rience sur le site web moins satisfaisante.<\/p>\n<p>Les informations sur la mani\u00e8re de configurer votre navigateur ou vos navigateurs Internet afin de pr\u00e9server votre vie priv\u00e9e et votre s\u00e9curit\u00e9 concernant les cookies peuvent \u00eatre consult\u00e9es sur les sites officiels d\u2019assistance des principaux navigateurs. Gr\u00e2ce \u00e0 cette assistance, l\u2019utilisateur peut bloquer les cookies via les outils de configuration du navigateur ou configurer celui-ci pour \u00eatre averti lorsqu\u2019un serveur souhaite enregistrer un cookie.<\/p>\n<p><strong>Informations de contact<\/strong><\/p>\n<p>Toute question ou pr\u00e9occupation concernant cette politique d\u2019utilisation des cookies peut nous \u00eatre adress\u00e9e par \u00e9crit \u00e0 l\u2019adresse e-mail suivante : reservas@elementourbano.com<\/p>\n\t\t\t\t\t\t\t\t<\/div>\n\t\t\t\t\t<\/div>\n\t\t\t\t<\/div>\n\t\t\t\t<\/div>\n\t\t","protected":false},"excerpt":{"rendered":"<p>Cookies de session : les cookies de session ne durent que le temps de la visite et sont supprim\u00e9s lorsque l\u2019utilisateur ferme le navigateur. Leur objectif principal est d\u2019identifier le type d\u2019appareil, d\u2019assurer la s\u00e9curit\u00e9 du site web ou son fonctionnement de base. Ils ne contiennent pas d\u2019informations personnelles permettant d\u2019identifier une personne. Cookies persistants [&hellip;]<\/p>\n","protected":false},"author":1,"featured_media":0,"parent":0,"menu_order":0,"comment_status":"closed","ping_status":"closed","template":"","meta":{"footnotes":""},"class_list":["post-449","page","type-page","status-publish","hentry"],"_links":{"self":[{"href":"https:\/\/estudiossalinas.com\/fr\/wp-json\/wp\/v2\/pages\/449","targetHints":{"allow":["GET"]}}],"collection":[{"href":"https:\/\/estudiossalinas.com\/fr\/wp-json\/wp\/v2\/pages"}],"about":[{"href":"https:\/\/estudiossalinas.com\/fr\/wp-json\/wp\/v2\/types\/page"}],"author":[{"embeddable":true,"href":"https:\/\/estudiossalinas.com\/fr\/wp-json\/wp\/v2\/users\/1"}],"replies":[{"embeddable":true,"href":"https:\/\/estudiossalinas.com\/fr\/wp-json\/wp\/v2\/comments?post=449"}],"version-history":[{"count":1,"href":"https:\/\/estudiossalinas.com\/fr\/wp-json\/wp\/v2\/pages\/449\/revisions"}],"predecessor-version":[{"id":450,"href":"https:\/\/estudiossalinas.com\/fr\/wp-json\/wp\/v2\/pages\/449\/revisions\/450"}],"wp:attachment":[{"href":"https:\/\/estudiossalinas.com\/fr\/wp-json\/wp\/v2\/media?parent=449"}],"curies":[{"name":"wp","href":"https:\/\/api.w.org\/{rel}","templated":true}]}}